{"id":101,"date":"2016-07-01T23:04:08","date_gmt":"2016-07-01T23:04:08","guid":{"rendered":"https:\/\/scmfronteira.pt\/?page_id=101"},"modified":"2016-07-15T20:22:52","modified_gmt":"2016-07-15T20:22:52","slug":"creche","status":"publish","type":"page","link":"https:\/\/scmfronteira.pt\/?page_id=101","title":{"rendered":"Creche"},"content":{"rendered":"<p>Em 1940 foi fundado no antigo edif\u00edcio do Asilo da Mendicidade a Creche e Infant\u00e1rio, com o auxilio de freiras que trabalhavam no asilo.<\/p>\n<p>Em 1979 \u00e9 constru\u00eddo o novo edif\u00edcio da creche e infant\u00e1rio, em terrenos doados por Eng\u00ba. Jos\u00e9 M\u00e1ximo de Castro Nery.<\/p>\n<p>No inicio da sua atividade a creche tinha uma frequ\u00eancia de 50 crian\u00e7as, com idades entre os 3 meses e os 3 anos.<\/p>\n<p>Atualmente a frequ\u00eancia registada fica pelo 25 crian\u00e7as.<\/p>\n","protected":false},"excerpt":{"rendered":"<p class=\"qua-blog-post-description\">Em 1940 foi fundado no antigo edif\u00edcio do Asilo da Mendicidade a Creche e Infant\u00e1rio, com o auxilio de freiras que trabalhavam no asilo. Em 1979 \u00e9 constru\u00eddo o novo edif\u00edcio da creche e infant\u00e1rio, em terrenos doados por Eng\u00ba. Jos\u00e9 M\u00e1ximo de Castro Nery. No inicio da sua atividade a creche tinha uma frequ\u00eancia [&hellip;]<\/p>\n","protected":false},"author":1,"featured_media":190,"parent":0,"menu_order":0,"comment_status":"closed","ping_status":"closed","template":"","meta":{"footnotes":""},"class_list":["post-101","page","type-page","status-publish","has-post-thumbnail","hentry"],"_links":{"self":[{"href":"https:\/\/scmfronteira.pt\/index.php?rest_route=\/wp\/v2\/pages\/101","targetHints":{"allow":["GET"]}}],"collection":[{"href":"https:\/\/scmfronteira.pt\/index.php?rest_route=\/wp\/v2\/pages"}],"about":[{"href":"https:\/\/scmfronteira.pt\/index.php?rest_route=\/wp\/v2\/types\/page"}],"author":[{"embeddable":true,"href":"https:\/\/scmfronteira.pt\/index.php?rest_route=\/wp\/v2\/users\/1"}],"replies":[{"embeddable":true,"href":"https:\/\/scmfronteira.pt\/index.php?rest_route=%2Fwp%2Fv2%2Fcomments&post=101"}],"version-history":[{"count":4,"href":"https:\/\/scmfronteira.pt\/index.php?rest_route=\/wp\/v2\/pages\/101\/revisions"}],"predecessor-version":[{"id":193,"href":"https:\/\/scmfronteira.pt\/index.php?rest_route=\/wp\/v2\/pages\/101\/revisions\/193"}],"wp:featuredmedia":[{"embeddable":true,"href":"https:\/\/scmfronteira.pt\/index.php?rest_route=\/wp\/v2\/media\/190"}],"wp:attachment":[{"href":"https:\/\/scmfronteira.pt\/index.php?rest_route=%2Fwp%2Fv2%2Fmedia&parent=101"}],"curies":[{"name":"wp","href":"https:\/\/api.w.org\/{rel}","templated":true}]}}