{"id":104,"date":"2016-07-01T23:04:45","date_gmt":"2016-07-01T23:04:45","guid":{"rendered":"https:\/\/scmfronteira.pt\/?page_id=104"},"modified":"2016-07-15T21:34:25","modified_gmt":"2016-07-15T21:34:25","slug":"jardim-infancia-pre-escolar","status":"publish","type":"page","link":"https:\/\/scmfronteira.pt\/?page_id=104","title":{"rendered":"Jardim Inf\u00e2ncia &#8211; Pr\u00e9 escolar"},"content":{"rendered":"<p><img loading=\"lazy\" decoding=\"async\" class=\"alignnone size-medium wp-image-194\" src=\"http:\/\/scmfronteira.pt\/wp-content\/uploads\/2016\/07\/Pre-escolar-valencia-300x225.jpg\" alt=\"Pre-escolar-valencia\" width=\"300\" height=\"225\" srcset=\"https:\/\/scmfronteira.pt\/wp-content\/uploads\/2016\/07\/Pre-escolar-valencia-300x225.jpg 300w, https:\/\/scmfronteira.pt\/wp-content\/uploads\/2016\/07\/Pre-escolar-valencia-768x576.jpg 768w, https:\/\/scmfronteira.pt\/wp-content\/uploads\/2016\/07\/Pre-escolar-valencia-1024x768.jpg 1024w\" sizes=\"auto, (max-width: 300px) 100vw, 300px\" \/><img loading=\"lazy\" decoding=\"async\" class=\"alignnone size-medium wp-image-190\" src=\"http:\/\/scmfronteira.pt\/wp-content\/uploads\/2016\/07\/recanto.crian\u00e7a.faz-de-conta-galeria-300x225.jpg\" alt=\"recanto.crian\u00e7a.faz de conta-galeria\" width=\"300\" height=\"225\" srcset=\"https:\/\/scmfronteira.pt\/wp-content\/uploads\/2016\/07\/recanto.crian\u00e7a.faz-de-conta-galeria-300x225.jpg 300w, https:\/\/scmfronteira.pt\/wp-content\/uploads\/2016\/07\/recanto.crian\u00e7a.faz-de-conta-galeria-768x576.jpg 768w, https:\/\/scmfronteira.pt\/wp-content\/uploads\/2016\/07\/recanto.crian\u00e7a.faz-de-conta-galeria-1024x768.jpg 1024w, https:\/\/scmfronteira.pt\/wp-content\/uploads\/2016\/07\/recanto.crian\u00e7a.faz-de-conta-galeria.jpg 1600w\" sizes=\"auto, (max-width: 300px) 100vw, 300px\" \/><\/p>\n<p>A val\u00eancia de Jardim de Inf\u00e2ncia\/Pr\u00e9-escolar anteriormente denominado por infant\u00e1rio est\u00e1 instalada no edif\u00edcio da Creche.<\/p>\n<p>No inicio da sua atividade apoiava 25 crian\u00e7as, com idades compreendidas entre os 3 anos e os 6 anos.<\/p>\n<p>Atualmente tem uma frequ\u00eancia de 17 crian\u00e7as.<\/p>\n","protected":false},"excerpt":{"rendered":"<p class=\"qua-blog-post-description\">A val\u00eancia de Jardim de Inf\u00e2ncia\/Pr\u00e9-escolar anteriormente denominado por infant\u00e1rio est\u00e1 instalada no edif\u00edcio da Creche. No inicio da sua atividade apoiava 25 crian\u00e7as, com idades compreendidas entre os 3 anos e os 6 anos. Atualmente tem uma frequ\u00eancia de 17 crian\u00e7as.<\/p>\n","protected":false},"author":1,"featured_media":0,"parent":0,"menu_order":0,"comment_status":"closed","ping_status":"closed","template":"","meta":{"footnotes":""},"class_list":["post-104","page","type-page","status-publish","hentry"],"_links":{"self":[{"href":"https:\/\/scmfronteira.pt\/index.php?rest_route=\/wp\/v2\/pages\/104","targetHints":{"allow":["GET"]}}],"collection":[{"href":"https:\/\/scmfronteira.pt\/index.php?rest_route=\/wp\/v2\/pages"}],"about":[{"href":"https:\/\/scmfronteira.pt\/index.php?rest_route=\/wp\/v2\/types\/page"}],"author":[{"embeddable":true,"href":"https:\/\/scmfronteira.pt\/index.php?rest_route=\/wp\/v2\/users\/1"}],"replies":[{"embeddable":true,"href":"https:\/\/scmfronteira.pt\/index.php?rest_route=%2Fwp%2Fv2%2Fcomments&post=104"}],"version-history":[{"count":3,"href":"https:\/\/scmfronteira.pt\/index.php?rest_route=\/wp\/v2\/pages\/104\/revisions"}],"predecessor-version":[{"id":216,"href":"https:\/\/scmfronteira.pt\/index.php?rest_route=\/wp\/v2\/pages\/104\/revisions\/216"}],"wp:attachment":[{"href":"https:\/\/scmfronteira.pt\/index.php?rest_route=%2Fwp%2Fv2%2Fmedia&parent=104"}],"curies":[{"name":"wp","href":"https:\/\/api.w.org\/{rel}","templated":true}]}}