{"id":1107,"date":"2026-03-31T09:31:04","date_gmt":"2026-03-31T09:31:04","guid":{"rendered":"https:\/\/scmfronteira.pt\/?page_id=1107"},"modified":"2026-03-31T09:31:04","modified_gmt":"2026-03-31T09:31:04","slug":"compromisso-da-irmandade-da-santa-casa-da-misericordia-de-fronteira","status":"publish","type":"page","link":"https:\/\/scmfronteira.pt\/?page_id=1107","title":{"rendered":"Compromisso da Irmandade da Santa Casa da Miseric\u00f3rdia de Fronteira"},"content":{"rendered":"\n<div data-wp-interactive=\"core\/file\" class=\"wp-block-file\"><object data-wp-bind--hidden=\"!state.hasPdfPreview\" hidden class=\"wp-block-file__embed\" data=\"https:\/\/scmfronteira.pt\/wp-content\/uploads\/2026\/03\/Compromisso-da-Irmandade-da-Santa-Casa-da-Misericordia-de-Fronteira-4.pdf\" type=\"application\/pdf\" style=\"width:100%;height:600px\" aria-label=\"Incorpora\u00e7\u00e3o de Incorpora\u00e7\u00e3o de Compromisso-da-Irmandade-da-Santa-Casa-da-Misericordia-de-Fronteira-4..\"><\/object><a href=\"https:\/\/scmfronteira.pt\/wp-content\/uploads\/2026\/03\/Compromisso-da-Irmandade-da-Santa-Casa-da-Misericordia-de-Fronteira-4.pdf\">Compromisso-da-Irmandade-da-Santa-Casa-da-Misericordia-de-Fronteira-4<\/a><a href=\"https:\/\/scmfronteira.pt\/wp-content\/uploads\/2026\/03\/Compromisso-da-Irmandade-da-Santa-Casa-da-Misericordia-de-Fronteira-4.pdf\" class=\"wp-block-file__button\" download>Descarregar<\/a><\/div>\n","protected":false},"excerpt":{"rendered":"","protected":false},"author":2,"featured_media":0,"parent":0,"menu_order":0,"comment_status":"closed","ping_status":"closed","template":"","meta":{"footnotes":""},"class_list":["post-1107","page","type-page","status-publish","hentry"],"_links":{"self":[{"href":"https:\/\/scmfronteira.pt\/index.php?rest_route=\/wp\/v2\/pages\/1107","targetHints":{"allow":["GET"]}}],"collection":[{"href":"https:\/\/scmfronteira.pt\/index.php?rest_route=\/wp\/v2\/pages"}],"about":[{"href":"https:\/\/scmfronteira.pt\/index.php?rest_route=\/wp\/v2\/types\/page"}],"author":[{"embeddable":true,"href":"https:\/\/scmfronteira.pt\/index.php?rest_route=\/wp\/v2\/users\/2"}],"replies":[{"embeddable":true,"href":"https:\/\/scmfronteira.pt\/index.php?rest_route=%2Fwp%2Fv2%2Fcomments&post=1107"}],"version-history":[{"count":1,"href":"https:\/\/scmfronteira.pt\/index.php?rest_route=\/wp\/v2\/pages\/1107\/revisions"}],"predecessor-version":[{"id":1111,"href":"https:\/\/scmfronteira.pt\/index.php?rest_route=\/wp\/v2\/pages\/1107\/revisions\/1111"}],"wp:attachment":[{"href":"https:\/\/scmfronteira.pt\/index.php?rest_route=%2Fwp%2Fv2%2Fmedia&parent=1107"}],"curies":[{"name":"wp","href":"https:\/\/api.w.org\/{rel}","templated":true}]}}