{"id":14,"date":"2016-07-01T20:14:01","date_gmt":"2016-07-01T20:14:01","guid":{"rendered":"https:\/\/scmfronteira.pt\/?page_id=14"},"modified":"2023-11-21T17:18:42","modified_gmt":"2023-11-21T17:18:42","slug":"lar-3a-idade-nossa-sra-vila-velha","status":"publish","type":"page","link":"https:\/\/scmfronteira.pt\/?page_id=14","title":{"rendered":"Lar 3\u00aa Idade Nossa Sra Vila Velha E Resid\u00eancias S\u00e9nior"},"content":{"rendered":"<ol>\n<li>Em 1987\/88 foi constru\u00eddo o edif\u00edcio do Lar de 3\u00aa. Idade, em terrenos doados pelo Dr. Te\u00f3filo de Castro Duarte. Em 1989 foi inaugurado o edif\u00edcio &#8230;<\/li>\n<\/ol>\n\n\n<figure class=\"wp-block-image size-large\"><img loading=\"lazy\" decoding=\"async\" width=\"975\" height=\"732\" src=\"http:\/\/scmfronteira.pt\/wp-content\/uploads\/2021\/05\/foto-entrada.jpg\" alt=\"\" class=\"wp-image-733\" srcset=\"https:\/\/scmfronteira.pt\/wp-content\/uploads\/2021\/05\/foto-entrada.jpg 975w, https:\/\/scmfronteira.pt\/wp-content\/uploads\/2021\/05\/foto-entrada-300x225.jpg 300w, https:\/\/scmfronteira.pt\/wp-content\/uploads\/2021\/05\/foto-entrada-768x577.jpg 768w\" sizes=\"auto, (max-width: 975px) 100vw, 975px\" \/><\/figure>\n\n\n\n<p><\/p>\n\n\n\n<p><span class=\"has-inline-color has-black-color\"><strong><em>RESIDENCIAS SENIORES<\/em><\/strong><\/span> &#8211;<em><strong> <\/strong><\/em><\/p>\n\n\n\n<p>A Santa Casa da Miseric\u00f3rdia de Fronteira possui 8 resid\u00eancias Seniores, compostas por sala e pequena cozinha, WC, e quarto duplo, todas as depend\u00eancias s\u00e3o arejadas com janelas para o exterior.<\/p>\n\n\n\n<p>O valor da mensalidade no ano de 2023 situa-se nos 950\u20ac, excluindo-se despesas com consultas particulares, medicamentos, fraldas, e outras despesas necess\u00e1rias previamente comunicadas ao Respons\u00e1vel pelo utente.<\/p>\n\n\n\n<p> <em><strong>IMAGENS<\/strong><\/em><\/p>\n\n\n\n<figure class=\"wp-block-image size-large\"><img loading=\"lazy\" decoding=\"async\" width=\"1024\" height=\"768\" src=\"http:\/\/scmfronteira.pt\/wp-content\/uploads\/2022\/04\/vista-exterior-1024x768.jpg\" alt=\"\" class=\"wp-image-892\" srcset=\"https:\/\/scmfronteira.pt\/wp-content\/uploads\/2022\/04\/vista-exterior-1024x768.jpg 1024w, https:\/\/scmfronteira.pt\/wp-content\/uploads\/2022\/04\/vista-exterior-300x225.jpg 300w, https:\/\/scmfronteira.pt\/wp-content\/uploads\/2022\/04\/vista-exterior-768x576.jpg 768w, https:\/\/scmfronteira.pt\/wp-content\/uploads\/2022\/04\/vista-exterior-1536x1152.jpg 1536w, https:\/\/scmfronteira.pt\/wp-content\/uploads\/2022\/04\/vista-exterior-2048x1536.jpg 2048w\" sizes=\"auto, (max-width: 1024px) 100vw, 1024px\" \/><figcaption><strong>Vista exterior das pequenas residencias<\/strong><\/figcaption><\/figure>\n\n\n\n<figure class=\"wp-block-image size-large\"><img loading=\"lazy\" decoding=\"async\" width=\"768\" height=\"1024\" src=\"http:\/\/scmfronteira.pt\/wp-content\/uploads\/2022\/04\/peq.cozinha-768x1024.jpg\" alt=\"\" class=\"wp-image-894\" srcset=\"https:\/\/scmfronteira.pt\/wp-content\/uploads\/2022\/04\/peq.cozinha-768x1024.jpg 768w, https:\/\/scmfronteira.pt\/wp-content\/uploads\/2022\/04\/peq.cozinha-225x300.jpg 225w, https:\/\/scmfronteira.pt\/wp-content\/uploads\/2022\/04\/peq.cozinha-1152x1536.jpg 1152w, https:\/\/scmfronteira.pt\/wp-content\/uploads\/2022\/04\/peq.cozinha-1536x2048.jpg 1536w, https:\/\/scmfronteira.pt\/wp-content\/uploads\/2022\/04\/peq.cozinha-scaled.jpg 1920w\" sizes=\"auto, (max-width: 768px) 100vw, 768px\" \/><figcaption><strong>Vista de parte da cozinha &#8211; atualmente possui uma mesa de madeira, 4 cadeiras, uma pequena bancada com lava-loi\u00e7as, fog\u00e3o el\u00e9trico, e um pequeno frigorifico que ainda n\u00e3o se encontra na foto.<\/strong><\/figcaption><\/figure>\n\n\n\n<figure class=\"wp-block-image size-large\"><img loading=\"lazy\" decoding=\"async\" width=\"1024\" height=\"768\" src=\"http:\/\/scmfronteira.pt\/wp-content\/uploads\/2022\/04\/vista-da-peq.cozinha-e-sala-1024x768.jpg\" alt=\"\" class=\"wp-image-896\" srcset=\"https:\/\/scmfronteira.pt\/wp-content\/uploads\/2022\/04\/vista-da-peq.cozinha-e-sala-1024x768.jpg 1024w, https:\/\/scmfronteira.pt\/wp-content\/uploads\/2022\/04\/vista-da-peq.cozinha-e-sala-300x225.jpg 300w, https:\/\/scmfronteira.pt\/wp-content\/uploads\/2022\/04\/vista-da-peq.cozinha-e-sala-768x576.jpg 768w, https:\/\/scmfronteira.pt\/wp-content\/uploads\/2022\/04\/vista-da-peq.cozinha-e-sala-1536x1152.jpg 1536w, https:\/\/scmfronteira.pt\/wp-content\/uploads\/2022\/04\/vista-da-peq.cozinha-e-sala-2048x1536.jpg 2048w\" sizes=\"auto, (max-width: 1024px) 100vw, 1024px\" \/><figcaption><strong>Outra vista da pequena cozinha com sala anexa com posta por um conjunto de sof\u00e1s<\/strong>.<\/figcaption><\/figure>\n\n\n\n<figure class=\"wp-block-image size-large\"><img loading=\"lazy\" decoding=\"async\" width=\"1024\" height=\"768\" src=\"http:\/\/scmfronteira.pt\/wp-content\/uploads\/2022\/04\/vista-de-parte-da-peq.-cozinha-com-o-corredor-1024x768.jpg\" alt=\"\" class=\"wp-image-895\" srcset=\"https:\/\/scmfronteira.pt\/wp-content\/uploads\/2022\/04\/vista-de-parte-da-peq.-cozinha-com-o-corredor-1024x768.jpg 1024w, https:\/\/scmfronteira.pt\/wp-content\/uploads\/2022\/04\/vista-de-parte-da-peq.-cozinha-com-o-corredor-300x225.jpg 300w, https:\/\/scmfronteira.pt\/wp-content\/uploads\/2022\/04\/vista-de-parte-da-peq.-cozinha-com-o-corredor-768x576.jpg 768w, https:\/\/scmfronteira.pt\/wp-content\/uploads\/2022\/04\/vista-de-parte-da-peq.-cozinha-com-o-corredor-1536x1152.jpg 1536w, https:\/\/scmfronteira.pt\/wp-content\/uploads\/2022\/04\/vista-de-parte-da-peq.-cozinha-com-o-corredor-2048x1536.jpg 2048w\" sizes=\"auto, (max-width: 1024px) 100vw, 1024px\" \/><figcaption><strong>Outra vista da cozinha onde se pode ver o aquecimento central e um pequeno m\u00f3vel onde j\u00e1 se encontra uma TV, ao fundo do corredor que d\u00e1 para o WC e quarto encontra-se uma m\u00f3vel de escrivaninha<\/strong>.<\/figcaption><\/figure>\n\n\n\n<figure class=\"wp-block-image size-large\"><img loading=\"lazy\" decoding=\"async\" width=\"1024\" height=\"768\" src=\"http:\/\/scmfronteira.pt\/wp-content\/uploads\/2022\/04\/vista-de-parte-do-WC-com-apoios-1-1024x768.jpg\" alt=\"\" class=\"wp-image-904\" srcset=\"https:\/\/scmfronteira.pt\/wp-content\/uploads\/2022\/04\/vista-de-parte-do-WC-com-apoios-1-1024x768.jpg 1024w, https:\/\/scmfronteira.pt\/wp-content\/uploads\/2022\/04\/vista-de-parte-do-WC-com-apoios-1-300x225.jpg 300w, https:\/\/scmfronteira.pt\/wp-content\/uploads\/2022\/04\/vista-de-parte-do-WC-com-apoios-1-768x576.jpg 768w, https:\/\/scmfronteira.pt\/wp-content\/uploads\/2022\/04\/vista-de-parte-do-WC-com-apoios-1-1536x1152.jpg 1536w, https:\/\/scmfronteira.pt\/wp-content\/uploads\/2022\/04\/vista-de-parte-do-WC-com-apoios-1-2048x1536.jpg 2048w\" sizes=\"auto, (max-width: 1024px) 100vw, 1024px\" \/><figcaption><strong>Vista de parte do WC, neste momento j\u00e1 com apoios para dependentes junto da sanita e do lavat\u00f3rio.<\/strong><\/figcaption><\/figure>\n\n\n\n<figure class=\"wp-block-image size-large\"><img loading=\"lazy\" decoding=\"async\" width=\"768\" height=\"1024\" src=\"http:\/\/scmfronteira.pt\/wp-content\/uploads\/2022\/04\/vista-de-parte-do-WC-zona-de-banho-1-768x1024.jpg\" alt=\"\" class=\"wp-image-905\" srcset=\"https:\/\/scmfronteira.pt\/wp-content\/uploads\/2022\/04\/vista-de-parte-do-WC-zona-de-banho-1-768x1024.jpg 768w, https:\/\/scmfronteira.pt\/wp-content\/uploads\/2022\/04\/vista-de-parte-do-WC-zona-de-banho-1-225x300.jpg 225w, https:\/\/scmfronteira.pt\/wp-content\/uploads\/2022\/04\/vista-de-parte-do-WC-zona-de-banho-1-1152x1536.jpg 1152w, https:\/\/scmfronteira.pt\/wp-content\/uploads\/2022\/04\/vista-de-parte-do-WC-zona-de-banho-1-1536x2048.jpg 1536w, https:\/\/scmfronteira.pt\/wp-content\/uploads\/2022\/04\/vista-de-parte-do-WC-zona-de-banho-1-scaled.jpg 1920w\" sizes=\"auto, (max-width: 768px) 100vw, 768px\" \/><figcaption><strong>Outra vista de parte do WC onde se situa a zona de banho que pode ser assistido ou n\u00e3o conforme a depend\u00eancia do utente, neste momento munidas com os respetivos apoios sanit\u00e1rios e cadeira de banhos.<\/strong><br><br><strong> <\/strong><\/figcaption><\/figure>\n\n\n\n<figure class=\"wp-block-image size-large\"><img loading=\"lazy\" decoding=\"async\" width=\"768\" height=\"1024\" src=\"http:\/\/scmfronteira.pt\/wp-content\/uploads\/2022\/04\/vista-de-armario-embutido-na-parede-1-768x1024.jpg\" alt=\"\" class=\"wp-image-906\" srcset=\"https:\/\/scmfronteira.pt\/wp-content\/uploads\/2022\/04\/vista-de-armario-embutido-na-parede-1-768x1024.jpg 768w, https:\/\/scmfronteira.pt\/wp-content\/uploads\/2022\/04\/vista-de-armario-embutido-na-parede-1-225x300.jpg 225w, https:\/\/scmfronteira.pt\/wp-content\/uploads\/2022\/04\/vista-de-armario-embutido-na-parede-1-1152x1536.jpg 1152w, https:\/\/scmfronteira.pt\/wp-content\/uploads\/2022\/04\/vista-de-armario-embutido-na-parede-1-1536x2048.jpg 1536w, https:\/\/scmfronteira.pt\/wp-content\/uploads\/2022\/04\/vista-de-armario-embutido-na-parede-1-scaled.jpg 1920w\" sizes=\"auto, (max-width: 768px) 100vw, 768px\" \/><figcaption><strong>Possui dois roupeiros embutidos na parede, um situado no corredor \u00e1 entrada do quarto e outro dentro do quarto<\/strong>.<\/figcaption><\/figure>\n\n\n\n<figure class=\"wp-block-image size-large\"><img loading=\"lazy\" decoding=\"async\" width=\"1024\" height=\"768\" src=\"http:\/\/scmfronteira.pt\/wp-content\/uploads\/2022\/04\/vista-de-parte-do-quarto-1024x768.jpg\" alt=\"\" class=\"wp-image-907\" srcset=\"https:\/\/scmfronteira.pt\/wp-content\/uploads\/2022\/04\/vista-de-parte-do-quarto-1024x768.jpg 1024w, https:\/\/scmfronteira.pt\/wp-content\/uploads\/2022\/04\/vista-de-parte-do-quarto-300x225.jpg 300w, https:\/\/scmfronteira.pt\/wp-content\/uploads\/2022\/04\/vista-de-parte-do-quarto-768x576.jpg 768w, https:\/\/scmfronteira.pt\/wp-content\/uploads\/2022\/04\/vista-de-parte-do-quarto-1536x1152.jpg 1536w, https:\/\/scmfronteira.pt\/wp-content\/uploads\/2022\/04\/vista-de-parte-do-quarto-2048x1536.jpg 2048w\" sizes=\"auto, (max-width: 1024px) 100vw, 1024px\" \/><figcaption><strong>Vista de parte do quarto<\/strong><\/figcaption><\/figure>\n\n\n\n<figure class=\"wp-block-image size-large\"><img loading=\"lazy\" decoding=\"async\" width=\"768\" height=\"1024\" src=\"http:\/\/scmfronteira.pt\/wp-content\/uploads\/2022\/04\/vista-do-quarto-com-a-comoda-e-tocador-768x1024.jpg\" alt=\"\" class=\"wp-image-908\" srcset=\"https:\/\/scmfronteira.pt\/wp-content\/uploads\/2022\/04\/vista-do-quarto-com-a-comoda-e-tocador-768x1024.jpg 768w, https:\/\/scmfronteira.pt\/wp-content\/uploads\/2022\/04\/vista-do-quarto-com-a-comoda-e-tocador-225x300.jpg 225w, https:\/\/scmfronteira.pt\/wp-content\/uploads\/2022\/04\/vista-do-quarto-com-a-comoda-e-tocador-1152x1536.jpg 1152w, https:\/\/scmfronteira.pt\/wp-content\/uploads\/2022\/04\/vista-do-quarto-com-a-comoda-e-tocador-1536x2048.jpg 1536w, https:\/\/scmfronteira.pt\/wp-content\/uploads\/2022\/04\/vista-do-quarto-com-a-comoda-e-tocador-scaled.jpg 1920w\" sizes=\"auto, (max-width: 768px) 100vw, 768px\" \/><figcaption><strong>Vista de outra parte do quarto<\/strong>.<\/figcaption><\/figure>\n\n\n\n<p><\/p>\n\n\n\n<p><\/p>\n\n\n\n<p><\/p>\n\n\n\n<p><\/p>\n\n\n\n<p><strong>IMAGENS DO LAR DE 3\u00aa. IDADE<\/strong><\/p>\n\n\n\n<figure class=\"wp-block-image size-full\"><img loading=\"lazy\" decoding=\"async\" width=\"975\" height=\"732\" src=\"http:\/\/scmfronteira.pt\/wp-content\/uploads\/2021\/05\/foto-entrada-1.jpg\" alt=\"\" class=\"wp-image-740\" srcset=\"https:\/\/scmfronteira.pt\/wp-content\/uploads\/2021\/05\/foto-entrada-1.jpg 975w, https:\/\/scmfronteira.pt\/wp-content\/uploads\/2021\/05\/foto-entrada-1-300x225.jpg 300w, https:\/\/scmfronteira.pt\/wp-content\/uploads\/2021\/05\/foto-entrada-1-768x577.jpg 768w\" sizes=\"auto, (max-width: 975px) 100vw, 975px\" \/><\/figure>\n\n\n\n\n\n<p><\/p>\n","protected":false},"excerpt":{"rendered":"<p class=\"qua-blog-post-description\">Em 1987\/88 foi constru\u00eddo o edif\u00edcio do Lar de 3\u00aa. Idade, em terrenos doados pelo Dr. Te\u00f3filo de Castro Duarte. Em 1989 foi inaugurado o edif\u00edcio &#8230; RESIDENCIAS SENIORES &#8211; A Santa Casa da Miseric\u00f3rdia de Fronteira possui 8 resid\u00eancias Seniores, compostas por sala e pequena cozinha, WC, e quarto duplo, todas as depend\u00eancias s\u00e3o [&hellip;]<\/p>\n","protected":false},"author":1,"featured_media":740,"parent":0,"menu_order":0,"comment_status":"closed","ping_status":"closed","template":"","meta":{"footnotes":""},"class_list":["post-14","page","type-page","status-publish","has-post-thumbnail","hentry"],"_links":{"self":[{"href":"https:\/\/scmfronteira.pt\/index.php?rest_route=\/wp\/v2\/pages\/14","targetHints":{"allow":["GET"]}}],"collection":[{"href":"https:\/\/scmfronteira.pt\/index.php?rest_route=\/wp\/v2\/pages"}],"about":[{"href":"https:\/\/scmfronteira.pt\/index.php?rest_route=\/wp\/v2\/types\/page"}],"author":[{"embeddable":true,"href":"https:\/\/scmfronteira.pt\/index.php?rest_route=\/wp\/v2\/users\/1"}],"replies":[{"embeddable":true,"href":"https:\/\/scmfronteira.pt\/index.php?rest_route=%2Fwp%2Fv2%2Fcomments&post=14"}],"version-history":[{"count":8,"href":"https:\/\/scmfronteira.pt\/index.php?rest_route=\/wp\/v2\/pages\/14\/revisions"}],"predecessor-version":[{"id":972,"href":"https:\/\/scmfronteira.pt\/index.php?rest_route=\/wp\/v2\/pages\/14\/revisions\/972"}],"wp:featuredmedia":[{"embeddable":true,"href":"https:\/\/scmfronteira.pt\/index.php?rest_route=\/wp\/v2\/media\/740"}],"wp:attachment":[{"href":"https:\/\/scmfronteira.pt\/index.php?rest_route=%2Fwp%2Fv2%2Fmedia&parent=14"}],"curies":[{"name":"wp","href":"https:\/\/api.w.org\/{rel}","templated":true}]}}