{"id":23,"date":"2016-07-01T20:27:22","date_gmt":"2016-07-01T20:27:22","guid":{"rendered":"https:\/\/scmfronteira.pt\/?page_id=23"},"modified":"2016-07-15T21:25:37","modified_gmt":"2016-07-15T21:25:37","slug":"centro-de-convivio","status":"publish","type":"page","link":"https:\/\/scmfronteira.pt\/?page_id=23","title":{"rendered":"Centro de Convivio"},"content":{"rendered":"<p>A Institui\u00e7\u00e3o tem dois Centros de Conv\u00edvio.<\/p>\n<p>O Centro de Conv\u00edvio de Fronteira sediado no antigo Hospital da Miseric\u00f3rdia, com capacidade para 50 utentes.<\/p>\n<p>O Centro de Conv\u00edvio de Vale de Maceiras sediado no edif\u00edcio do Centro de Dia de Vale de Maceiras, com capacidade para 25 utentes.<\/p>\n","protected":false},"excerpt":{"rendered":"<p class=\"qua-blog-post-description\">A Institui\u00e7\u00e3o tem dois Centros de Conv\u00edvio. O Centro de Conv\u00edvio de Fronteira sediado no antigo Hospital da Miseric\u00f3rdia, com capacidade para 50 utentes. O Centro de Conv\u00edvio de Vale de Maceiras sediado no edif\u00edcio do Centro de Dia de Vale de Maceiras, com capacidade para 25 utentes.<\/p>\n","protected":false},"author":1,"featured_media":143,"parent":0,"menu_order":0,"comment_status":"closed","ping_status":"closed","template":"","meta":{"footnotes":""},"class_list":["post-23","page","type-page","status-publish","has-post-thumbnail","hentry"],"_links":{"self":[{"href":"https:\/\/scmfronteira.pt\/index.php?rest_route=\/wp\/v2\/pages\/23","targetHints":{"allow":["GET"]}}],"collection":[{"href":"https:\/\/scmfronteira.pt\/index.php?rest_route=\/wp\/v2\/pages"}],"about":[{"href":"https:\/\/scmfronteira.pt\/index.php?rest_route=\/wp\/v2\/types\/page"}],"author":[{"embeddable":true,"href":"https:\/\/scmfronteira.pt\/index.php?rest_route=\/wp\/v2\/users\/1"}],"replies":[{"embeddable":true,"href":"https:\/\/scmfronteira.pt\/index.php?rest_route=%2Fwp%2Fv2%2Fcomments&post=23"}],"version-history":[{"count":2,"href":"https:\/\/scmfronteira.pt\/index.php?rest_route=\/wp\/v2\/pages\/23\/revisions"}],"predecessor-version":[{"id":213,"href":"https:\/\/scmfronteira.pt\/index.php?rest_route=\/wp\/v2\/pages\/23\/revisions\/213"}],"wp:featuredmedia":[{"embeddable":true,"href":"https:\/\/scmfronteira.pt\/index.php?rest_route=\/wp\/v2\/media\/143"}],"wp:attachment":[{"href":"https:\/\/scmfronteira.pt\/index.php?rest_route=%2Fwp%2Fv2%2Fmedia&parent=23"}],"curies":[{"name":"wp","href":"https:\/\/api.w.org\/{rel}","templated":true}]}}