{"id":26,"date":"2016-07-01T20:28:03","date_gmt":"2016-07-01T20:28:03","guid":{"rendered":"https:\/\/scmfronteira.pt\/?page_id=26"},"modified":"2016-07-15T21:30:21","modified_gmt":"2016-07-15T21:30:21","slug":"centro-de-dia","status":"publish","type":"page","link":"https:\/\/scmfronteira.pt\/?page_id=26","title":{"rendered":"Centro de Dia"},"content":{"rendered":"<p>A Institui\u00e7\u00e3o tem dois Centros de Dia.<\/p>\n<p>O Centro de Dia de Fronteira sediado no edif\u00edcio do Lar de 3\u00aa. Idade de Fronteira, com a capacidade para 21 utentes, tendo 16 utentes com acordo de comparticipa\u00e7\u00e3o do ISS.<\/p>\n<p>O Centro de Dia de Vale de Maceiras sediado em edif\u00edcio pr\u00f3prio, com capacidade para 20 utentes, sem acordo de comparticipa\u00e7\u00e3o do ISS.<\/p>\n<p>&nbsp;<\/p>\n<p>&nbsp;<\/p>\n<p>&nbsp;<\/p>\n<p>&nbsp;<\/p>\n","protected":false},"excerpt":{"rendered":"<p class=\"qua-blog-post-description\">A Institui\u00e7\u00e3o tem dois Centros de Dia. O Centro de Dia de Fronteira sediado no edif\u00edcio do Lar de 3\u00aa. Idade de Fronteira, com a capacidade para 21 utentes, tendo 16 utentes com acordo de comparticipa\u00e7\u00e3o do ISS. O Centro de Dia de Vale de Maceiras sediado em edif\u00edcio pr\u00f3prio, com capacidade para 20 utentes, [&hellip;]<\/p>\n","protected":false},"author":1,"featured_media":163,"parent":0,"menu_order":0,"comment_status":"closed","ping_status":"closed","template":"","meta":{"footnotes":""},"class_list":["post-26","page","type-page","status-publish","has-post-thumbnail","hentry"],"_links":{"self":[{"href":"https:\/\/scmfronteira.pt\/index.php?rest_route=\/wp\/v2\/pages\/26","targetHints":{"allow":["GET"]}}],"collection":[{"href":"https:\/\/scmfronteira.pt\/index.php?rest_route=\/wp\/v2\/pages"}],"about":[{"href":"https:\/\/scmfronteira.pt\/index.php?rest_route=\/wp\/v2\/types\/page"}],"author":[{"embeddable":true,"href":"https:\/\/scmfronteira.pt\/index.php?rest_route=\/wp\/v2\/users\/1"}],"replies":[{"embeddable":true,"href":"https:\/\/scmfronteira.pt\/index.php?rest_route=%2Fwp%2Fv2%2Fcomments&post=26"}],"version-history":[{"count":5,"href":"https:\/\/scmfronteira.pt\/index.php?rest_route=\/wp\/v2\/pages\/26\/revisions"}],"predecessor-version":[{"id":214,"href":"https:\/\/scmfronteira.pt\/index.php?rest_route=\/wp\/v2\/pages\/26\/revisions\/214"}],"wp:featuredmedia":[{"embeddable":true,"href":"https:\/\/scmfronteira.pt\/index.php?rest_route=\/wp\/v2\/media\/163"}],"wp:attachment":[{"href":"https:\/\/scmfronteira.pt\/index.php?rest_route=%2Fwp%2Fv2%2Fmedia&parent=26"}],"curies":[{"name":"wp","href":"https:\/\/api.w.org\/{rel}","templated":true}]}}