{"id":39,"date":"2016-07-01T20:41:13","date_gmt":"2016-07-01T20:41:13","guid":{"rendered":"https:\/\/scmfronteira.pt\/?page_id=39"},"modified":"2023-03-31T12:03:22","modified_gmt":"2023-03-31T12:03:22","slug":"corpos-sociais","status":"publish","type":"page","link":"https:\/\/scmfronteira.pt\/?page_id=39","title":{"rendered":"Corpos Sociais"},"content":{"rendered":"<p style=\"text-align: center;\">\n<\/p><p><img loading=\"lazy\" decoding=\"async\" class=\" wp-image-79 aligncenter\" src=\"http:\/\/scmfronteira.pt\/wp-content\/uploads\/2016\/07\/Lista-Mesa-e1467461792597-212x300.jpg\" alt=\"Lista Mesa\" width=\"421\" height=\"596\" srcset=\"https:\/\/scmfronteira.pt\/wp-content\/uploads\/2016\/07\/Lista-Mesa-e1467461792597-212x300.jpg 212w, https:\/\/scmfronteira.pt\/wp-content\/uploads\/2016\/07\/Lista-Mesa-e1467461792597-768x1085.jpg 768w, https:\/\/scmfronteira.pt\/wp-content\/uploads\/2016\/07\/Lista-Mesa-e1467461792597-725x1024.jpg 725w, https:\/\/scmfronteira.pt\/wp-content\/uploads\/2016\/07\/Lista-Mesa-e1467461792597.jpg 1769w\" sizes=\"auto, (max-width: 421px) 100vw, 421px\" \/><\/p>\n\n\n<div class=\"wp-block-media-text alignwide has-media-on-the-right is-stacked-on-mobile\" style=\"grid-template-columns:auto 15%\"><figure class=\"wp-block-media-text__media\"><\/figure><div class=\"wp-block-media-text__content\">\n<p class=\"has-large-font-size\"><\/p>\n\n\n\n<div data-wp-interactive=\"core\/file\" class=\"wp-block-file\"><object data-wp-bind--hidden=\"!state.hasPdfPreview\" hidden class=\"wp-block-file__embed\" data=\"https:\/\/scmfronteira.pt\/wp-content\/uploads\/2023\/03\/Homolgacao-dos-Orgaos-Sociais-Quadrienio-2019-2022-1.pdf\" type=\"application\/pdf\" style=\"width:100%;height:910px\" aria-label=\"Incorpora\u00e7\u00e3o de Incorpora\u00e7\u00e3o de Homolgacao-dos-Orgaos-Sociais-Quadrienio-2019-2022-1..\"><\/object><a href=\"https:\/\/scmfronteira.pt\/wp-content\/uploads\/2023\/03\/Homolgacao-dos-Orgaos-Sociais-Quadrienio-2019-2022-1.pdf\">Homolgacao-dos-Orgaos-Sociais-Quadrienio-2019-2022-1<\/a><a href=\"https:\/\/scmfronteira.pt\/wp-content\/uploads\/2023\/03\/Homolgacao-dos-Orgaos-Sociais-Quadrienio-2019-2022-1.pdf\" class=\"wp-block-file__button\" download>Descarregar<\/a><\/div>\n<\/div><\/div>\n\n\n\n<div data-wp-interactive=\"core\/file\" class=\"wp-block-file\"><object data-wp-bind--hidden=\"!state.hasPdfPreview\" hidden class=\"wp-block-file__embed\" data=\"https:\/\/scmfronteira.pt\/wp-content\/uploads\/2023\/03\/orgaos-sociais-2023-1-2.pdf\" type=\"application\/pdf\" style=\"width:100%;height:1190px\" aria-label=\"Incorpora\u00e7\u00e3o de Incorpora\u00e7\u00e3o de orgaos-sociais-2023-1-2..\"><\/object><a href=\"https:\/\/scmfronteira.pt\/wp-content\/uploads\/2023\/03\/orgaos-sociais-2023-1-2.pdf\">orgaos-sociais-2023-1-2<\/a><a href=\"https:\/\/scmfronteira.pt\/wp-content\/uploads\/2023\/03\/orgaos-sociais-2023-1-2.pdf\" class=\"wp-block-file__button\" download>Descarregar<\/a><\/div>\n\n\n\n<p><\/p>\n","protected":false},"excerpt":{"rendered":"","protected":false},"author":1,"featured_media":626,"parent":0,"menu_order":0,"comment_status":"closed","ping_status":"closed","template":"","meta":{"footnotes":""},"class_list":["post-39","page","type-page","status-publish","has-post-thumbnail","hentry"],"_links":{"self":[{"href":"https:\/\/scmfronteira.pt\/index.php?rest_route=\/wp\/v2\/pages\/39","targetHints":{"allow":["GET"]}}],"collection":[{"href":"https:\/\/scmfronteira.pt\/index.php?rest_route=\/wp\/v2\/pages"}],"about":[{"href":"https:\/\/scmfronteira.pt\/index.php?rest_route=\/wp\/v2\/types\/page"}],"author":[{"embeddable":true,"href":"https:\/\/scmfronteira.pt\/index.php?rest_route=\/wp\/v2\/users\/1"}],"replies":[{"embeddable":true,"href":"https:\/\/scmfronteira.pt\/index.php?rest_route=%2Fwp%2Fv2%2Fcomments&post=39"}],"version-history":[{"count":11,"href":"https:\/\/scmfronteira.pt\/index.php?rest_route=\/wp\/v2\/pages\/39\/revisions"}],"predecessor-version":[{"id":962,"href":"https:\/\/scmfronteira.pt\/index.php?rest_route=\/wp\/v2\/pages\/39\/revisions\/962"}],"wp:featuredmedia":[{"embeddable":true,"href":"https:\/\/scmfronteira.pt\/index.php?rest_route=\/wp\/v2\/media\/626"}],"wp:attachment":[{"href":"https:\/\/scmfronteira.pt\/index.php?rest_route=%2Fwp%2Fv2%2Fmedia&parent=39"}],"curies":[{"name":"wp","href":"https:\/\/api.w.org\/{rel}","templated":true}]}}