{"id":43,"date":"2016-07-01T20:42:54","date_gmt":"2016-07-01T20:42:54","guid":{"rendered":"https:\/\/scmfronteira.pt\/?page_id=43"},"modified":"2016-07-10T16:50:02","modified_gmt":"2016-07-10T16:50:02","slug":"missao","status":"publish","type":"page","link":"https:\/\/scmfronteira.pt\/?page_id=43","title":{"rendered":"Miss\u00e3o"},"content":{"rendered":"<p><em><strong>A Santa Casa da\u00a0Miseric\u00f3rdia\u00a0de Fronteira, fundada em 1583, \u00e9 uma Institui\u00e7\u00e3o Privada de Solidariedade Social, baseada na pr\u00e1tica dos valores da caridade\u00a0Crist\u00e3\u00a0e me tudo quanto sejam modos de interven\u00e7\u00e3o e\u00a0assist\u00eancia\u00a0social.<\/strong><\/em><\/p>\n<p><em><strong>Atualmente a actividade da Santa Casa da\u00a0Miseric\u00f3rdia\u00a0tendo em conta a miss\u00e3o\u00a0hist\u00f3rica\u00a0das Miseric\u00f3rdias Portuguesas, desenvolve-se no apoio \u00e0 Inf\u00e2ncia, \u00e0 3\u00aa. Idade e \u00e0\u00a0fam\u00edlia.\u00a0<\/strong><\/em><\/p>\n","protected":false},"excerpt":{"rendered":"<p class=\"qua-blog-post-description\">A Santa Casa da\u00a0Miseric\u00f3rdia\u00a0de Fronteira, fundada em 1583, \u00e9 uma Institui\u00e7\u00e3o Privada de Solidariedade Social, baseada na pr\u00e1tica dos valores da caridade\u00a0Crist\u00e3\u00a0e me tudo quanto sejam modos de interven\u00e7\u00e3o e\u00a0assist\u00eancia\u00a0social. Atualmente a actividade da Santa Casa da\u00a0Miseric\u00f3rdia\u00a0tendo em conta a miss\u00e3o\u00a0hist\u00f3rica\u00a0das Miseric\u00f3rdias Portuguesas, desenvolve-se no apoio \u00e0 Inf\u00e2ncia, \u00e0 3\u00aa. Idade e \u00e0\u00a0fam\u00edlia.\u00a0<\/p>\n","protected":false},"author":1,"featured_media":0,"parent":0,"menu_order":0,"comment_status":"closed","ping_status":"closed","template":"","meta":{"footnotes":""},"class_list":["post-43","page","type-page","status-publish","hentry"],"_links":{"self":[{"href":"https:\/\/scmfronteira.pt\/index.php?rest_route=\/wp\/v2\/pages\/43","targetHints":{"allow":["GET"]}}],"collection":[{"href":"https:\/\/scmfronteira.pt\/index.php?rest_route=\/wp\/v2\/pages"}],"about":[{"href":"https:\/\/scmfronteira.pt\/index.php?rest_route=\/wp\/v2\/types\/page"}],"author":[{"embeddable":true,"href":"https:\/\/scmfronteira.pt\/index.php?rest_route=\/wp\/v2\/users\/1"}],"replies":[{"embeddable":true,"href":"https:\/\/scmfronteira.pt\/index.php?rest_route=%2Fwp%2Fv2%2Fcomments&post=43"}],"version-history":[{"count":3,"href":"https:\/\/scmfronteira.pt\/index.php?rest_route=\/wp\/v2\/pages\/43\/revisions"}],"predecessor-version":[{"id":162,"href":"https:\/\/scmfronteira.pt\/index.php?rest_route=\/wp\/v2\/pages\/43\/revisions\/162"}],"wp:attachment":[{"href":"https:\/\/scmfronteira.pt\/index.php?rest_route=%2Fwp%2Fv2%2Fmedia&parent=43"}],"curies":[{"name":"wp","href":"https:\/\/api.w.org\/{rel}","templated":true}]}}