{"id":46,"date":"2016-07-01T20:44:00","date_gmt":"2016-07-01T20:44:00","guid":{"rendered":"https:\/\/scmfronteira.pt\/?page_id=46"},"modified":"2017-03-31T13:11:24","modified_gmt":"2017-03-31T13:11:24","slug":"patrimonio-movel","status":"publish","type":"page","link":"https:\/\/scmfronteira.pt\/?page_id=46","title":{"rendered":"Patrim\u00f3nio"},"content":{"rendered":"<p><b>Patrim\u00f3nio<\/b><strong>\u00a0Im\u00f3vel<\/strong><\/p>\n<p>\u00bb Bairro D. Assun\u00e7\u00e3o Cordeiro<\/p>\n<p><img loading=\"lazy\" decoding=\"async\" class=\"alignnone size-medium wp-image-58 aligncenter\" src=\"http:\/\/scmfronteira.pt\/wp-content\/uploads\/2016\/07\/Bairro-300x202.jpg\" alt=\"Bairro\" width=\"300\" height=\"202\" srcset=\"https:\/\/scmfronteira.pt\/wp-content\/uploads\/2016\/07\/Bairro-300x202.jpg 300w, https:\/\/scmfronteira.pt\/wp-content\/uploads\/2016\/07\/Bairro.jpg 608w\" sizes=\"auto, (max-width: 300px) 100vw, 300px\" \/><\/p>\n<p>Bairro constru\u00eddo em 1965, em terreno doada \u00e1 Institui\u00e7\u00e3o pela benem\u00e9rita D. Assun\u00e7\u00e3o Cordeiro.<\/p>\n<p>Constitu\u00eddo por 4 fogos de habita\u00e7\u00e3o na Rua Dr. Lu\u00eds de Lemos e 5 fogos de habita\u00e7\u00e3o na Rua de Santa Catarina, em Fronteira. &#8211; Intitulado BAIRRO D. ASSUN\u00c7\u00c3O CORDEIRO<\/p>\n<p>&nbsp;<\/p>\n<p><strong>Patrim\u00f3nio art\u00edstico e cultural\u00a0<\/strong><\/p>\n<p>A Institui\u00e7\u00e3o tem um patrim\u00f3nio art\u00edstico em azulejos, pinturas que se encontram nas paredes dos seus edif\u00edcios.<\/p>\n<p>No Antigo Asilo da Mendicidade agora remodelado e intitulado Centro Cultural de Fronteira.<\/p>\n<p>&nbsp;<\/p>\n<p><img loading=\"lazy\" decoding=\"async\" class=\"alignnone size-medium wp-image-349\" src=\"http:\/\/scmfronteira.pt\/wp-content\/uploads\/2016\/07\/CENTRO-CULTURAL.-300x200.jpg\" alt=\"centro-cultural\" width=\"300\" height=\"200\" srcset=\"https:\/\/scmfronteira.pt\/wp-content\/uploads\/2016\/07\/CENTRO-CULTURAL.-300x200.jpg 300w, https:\/\/scmfronteira.pt\/wp-content\/uploads\/2016\/07\/CENTRO-CULTURAL.-768x512.jpg 768w, https:\/\/scmfronteira.pt\/wp-content\/uploads\/2016\/07\/CENTRO-CULTURAL.-1024x683.jpg 1024w\" sizes=\"auto, (max-width: 300px) 100vw, 300px\" \/> <img loading=\"lazy\" decoding=\"async\" class=\"alignnone size-medium wp-image-350\" src=\"http:\/\/scmfronteira.pt\/wp-content\/uploads\/2016\/07\/CC-AZULEJOS.1-300x200.jpg\" alt=\"cc-azulejos-1\" width=\"300\" height=\"200\" srcset=\"https:\/\/scmfronteira.pt\/wp-content\/uploads\/2016\/07\/CC-AZULEJOS.1-300x200.jpg 300w, https:\/\/scmfronteira.pt\/wp-content\/uploads\/2016\/07\/CC-AZULEJOS.1-768x512.jpg 768w, https:\/\/scmfronteira.pt\/wp-content\/uploads\/2016\/07\/CC-AZULEJOS.1-1024x683.jpg 1024w\" sizes=\"auto, (max-width: 300px) 100vw, 300px\" \/> <img loading=\"lazy\" decoding=\"async\" class=\"alignnone size-medium wp-image-351\" src=\"http:\/\/scmfronteira.pt\/wp-content\/uploads\/2016\/07\/CC-AZULEJOS.2-300x200.jpg\" alt=\"cc-azulejos-2\" width=\"300\" height=\"200\" srcset=\"https:\/\/scmfronteira.pt\/wp-content\/uploads\/2016\/07\/CC-AZULEJOS.2-300x200.jpg 300w, https:\/\/scmfronteira.pt\/wp-content\/uploads\/2016\/07\/CC-AZULEJOS.2-768x512.jpg 768w, https:\/\/scmfronteira.pt\/wp-content\/uploads\/2016\/07\/CC-AZULEJOS.2-1024x683.jpg 1024w\" sizes=\"auto, (max-width: 300px) 100vw, 300px\" \/> <img loading=\"lazy\" decoding=\"async\" class=\"alignnone size-medium wp-image-352\" src=\"http:\/\/scmfronteira.pt\/wp-content\/uploads\/2016\/07\/CC-AZULEJOS.3-300x200.jpg\" alt=\"cc-azulejos-3\" width=\"300\" height=\"200\" srcset=\"https:\/\/scmfronteira.pt\/wp-content\/uploads\/2016\/07\/CC-AZULEJOS.3-300x200.jpg 300w, https:\/\/scmfronteira.pt\/wp-content\/uploads\/2016\/07\/CC-AZULEJOS.3-768x512.jpg 768w, https:\/\/scmfronteira.pt\/wp-content\/uploads\/2016\/07\/CC-AZULEJOS.3-1024x683.jpg 1024w\" sizes=\"auto, (max-width: 300px) 100vw, 300px\" \/> <img loading=\"lazy\" decoding=\"async\" class=\"alignnone size-medium wp-image-353\" src=\"http:\/\/scmfronteira.pt\/wp-content\/uploads\/2016\/07\/CC-AZULEJOS.4-300x200.jpg\" alt=\"cc-azulejos-4\" width=\"300\" height=\"200\" srcset=\"https:\/\/scmfronteira.pt\/wp-content\/uploads\/2016\/07\/CC-AZULEJOS.4-300x200.jpg 300w, https:\/\/scmfronteira.pt\/wp-content\/uploads\/2016\/07\/CC-AZULEJOS.4-768x512.jpg 768w, https:\/\/scmfronteira.pt\/wp-content\/uploads\/2016\/07\/CC-AZULEJOS.4-1024x683.jpg 1024w\" sizes=\"auto, (max-width: 300px) 100vw, 300px\" \/> <img loading=\"lazy\" decoding=\"async\" class=\"alignnone size-medium wp-image-354\" src=\"http:\/\/scmfronteira.pt\/wp-content\/uploads\/2016\/07\/CC-AZULEJOS.5-300x200.jpg\" alt=\"cc-azulejos-5\" width=\"300\" height=\"200\" srcset=\"https:\/\/scmfronteira.pt\/wp-content\/uploads\/2016\/07\/CC-AZULEJOS.5-300x200.jpg 300w, https:\/\/scmfronteira.pt\/wp-content\/uploads\/2016\/07\/CC-AZULEJOS.5-768x512.jpg 768w, https:\/\/scmfronteira.pt\/wp-content\/uploads\/2016\/07\/CC-AZULEJOS.5-1024x683.jpg 1024w\" sizes=\"auto, (max-width: 300px) 100vw, 300px\" \/> <img loading=\"lazy\" decoding=\"async\" class=\"alignnone size-medium wp-image-355\" src=\"http:\/\/scmfronteira.pt\/wp-content\/uploads\/2016\/07\/CC-AZULEJOS.6-300x200.jpg\" alt=\"cc-azulejos-6\" width=\"300\" height=\"200\" srcset=\"https:\/\/scmfronteira.pt\/wp-content\/uploads\/2016\/07\/CC-AZULEJOS.6-300x200.jpg 300w, https:\/\/scmfronteira.pt\/wp-content\/uploads\/2016\/07\/CC-AZULEJOS.6-768x512.jpg 768w, https:\/\/scmfronteira.pt\/wp-content\/uploads\/2016\/07\/CC-AZULEJOS.6-1024x683.jpg 1024w\" sizes=\"auto, (max-width: 300px) 100vw, 300px\" \/> <img loading=\"lazy\" decoding=\"async\" class=\"alignnone size-medium wp-image-356\" src=\"http:\/\/scmfronteira.pt\/wp-content\/uploads\/2016\/07\/CC-AZULEJOS.7-300x200.jpg\" alt=\"cc-azulejos-7\" width=\"300\" height=\"200\" srcset=\"https:\/\/scmfronteira.pt\/wp-content\/uploads\/2016\/07\/CC-AZULEJOS.7-300x200.jpg 300w, https:\/\/scmfronteira.pt\/wp-content\/uploads\/2016\/07\/CC-AZULEJOS.7-768x512.jpg 768w, https:\/\/scmfronteira.pt\/wp-content\/uploads\/2016\/07\/CC-AZULEJOS.7-1024x683.jpg 1024w\" sizes=\"auto, (max-width: 300px) 100vw, 300px\" \/> <img loading=\"lazy\" decoding=\"async\" class=\"alignnone size-medium wp-image-357\" src=\"http:\/\/scmfronteira.pt\/wp-content\/uploads\/2016\/07\/CC-AZULEJOS.8-300x200.jpg\" alt=\"cc-azulejos-8\" width=\"300\" height=\"200\" srcset=\"https:\/\/scmfronteira.pt\/wp-content\/uploads\/2016\/07\/CC-AZULEJOS.8-300x200.jpg 300w, https:\/\/scmfronteira.pt\/wp-content\/uploads\/2016\/07\/CC-AZULEJOS.8-768x512.jpg 768w, https:\/\/scmfronteira.pt\/wp-content\/uploads\/2016\/07\/CC-AZULEJOS.8-1024x683.jpg 1024w\" sizes=\"auto, (max-width: 300px) 100vw, 300px\" \/> <img loading=\"lazy\" decoding=\"async\" class=\"alignnone size-medium wp-image-358\" src=\"http:\/\/scmfronteira.pt\/wp-content\/uploads\/2016\/07\/CC-AZULEJOS.9-300x200.jpg\" alt=\"cc-azulejos-9\" width=\"300\" height=\"200\" srcset=\"https:\/\/scmfronteira.pt\/wp-content\/uploads\/2016\/07\/CC-AZULEJOS.9-300x200.jpg 300w, https:\/\/scmfronteira.pt\/wp-content\/uploads\/2016\/07\/CC-AZULEJOS.9-768x512.jpg 768w, https:\/\/scmfronteira.pt\/wp-content\/uploads\/2016\/07\/CC-AZULEJOS.9-1024x683.jpg 1024w\" sizes=\"auto, (max-width: 300px) 100vw, 300px\" \/> <img loading=\"lazy\" decoding=\"async\" class=\"alignnone size-medium wp-image-359\" src=\"http:\/\/scmfronteira.pt\/wp-content\/uploads\/2016\/07\/CC-AZULEJOS.10-300x200.jpg\" alt=\"cc-azulejos-10\" width=\"300\" height=\"200\" srcset=\"https:\/\/scmfronteira.pt\/wp-content\/uploads\/2016\/07\/CC-AZULEJOS.10-300x200.jpg 300w, https:\/\/scmfronteira.pt\/wp-content\/uploads\/2016\/07\/CC-AZULEJOS.10-768x512.jpg 768w, https:\/\/scmfronteira.pt\/wp-content\/uploads\/2016\/07\/CC-AZULEJOS.10-1024x683.jpg 1024w\" sizes=\"auto, (max-width: 300px) 100vw, 300px\" \/> <img loading=\"lazy\" decoding=\"async\" class=\"alignnone size-medium wp-image-360\" src=\"http:\/\/scmfronteira.pt\/wp-content\/uploads\/2016\/07\/CENTRO-CULTURAL-300x200.jpg\" alt=\"centro-cultural\" width=\"300\" height=\"200\" srcset=\"https:\/\/scmfronteira.pt\/wp-content\/uploads\/2016\/07\/CENTRO-CULTURAL-300x200.jpg 300w, https:\/\/scmfronteira.pt\/wp-content\/uploads\/2016\/07\/CENTRO-CULTURAL-768x512.jpg 768w, https:\/\/scmfronteira.pt\/wp-content\/uploads\/2016\/07\/CENTRO-CULTURAL-1024x683.jpg 1024w\" sizes=\"auto, (max-width: 300px) 100vw, 300px\" \/><\/p>\n<p>&nbsp;<\/p>\n<p>&nbsp;<\/p>\n<p>&nbsp;<\/p>\n<p><strong><em>Arquivo Hist\u00f3rico &#8211; Bibliogr\u00e1fico<br \/>\n<\/em><\/strong><\/p>\n<p><img loading=\"lazy\" decoding=\"async\" class=\"alignnone size-medium wp-image-53\" src=\"http:\/\/scmfronteira.pt\/wp-content\/uploads\/2016\/07\/Arquivo-Historico-300x206.jpg\" alt=\"Arquivo Historico\" width=\"300\" height=\"206\" srcset=\"https:\/\/scmfronteira.pt\/wp-content\/uploads\/2016\/07\/Arquivo-Historico-300x206.jpg 300w, https:\/\/scmfronteira.pt\/wp-content\/uploads\/2016\/07\/Arquivo-Historico.jpg 600w\" sizes=\"auto, (max-width: 300px) 100vw, 300px\" \/><\/p>\n<p>No acervo bibliogr\u00e1fico da Santa Casa da Miseric\u00f3rdia de Fronteira, depositado na Biblioteca Municipal de Fronteira, constam registos que remontam at\u00e9 ao s\u00e9culo XVIII, elaborado pelo Bibliotec\u00e1rio\u00a0Fernando Pina.<\/p>\n<p>&nbsp;<\/p>\n<p>&nbsp;<\/p>\n","protected":false},"excerpt":{"rendered":"<p class=\"qua-blog-post-description\">Patrim\u00f3nio\u00a0Im\u00f3vel \u00bb Bairro D. Assun\u00e7\u00e3o Cordeiro Bairro constru\u00eddo em 1965, em terreno doada \u00e1 Institui\u00e7\u00e3o pela benem\u00e9rita D. Assun\u00e7\u00e3o Cordeiro. Constitu\u00eddo por 4 fogos de habita\u00e7\u00e3o na Rua Dr. Lu\u00eds de Lemos e 5 fogos de habita\u00e7\u00e3o na Rua de Santa Catarina, em Fronteira. &#8211; Intitulado BAIRRO D. ASSUN\u00c7\u00c3O CORDEIRO &nbsp; Patrim\u00f3nio art\u00edstico e cultural\u00a0 [&hellip;]<\/p>\n","protected":false},"author":1,"featured_media":0,"parent":0,"menu_order":0,"comment_status":"closed","ping_status":"closed","template":"","meta":{"footnotes":""},"class_list":["post-46","page","type-page","status-publish","hentry"],"_links":{"self":[{"href":"https:\/\/scmfronteira.pt\/index.php?rest_route=\/wp\/v2\/pages\/46","targetHints":{"allow":["GET"]}}],"collection":[{"href":"https:\/\/scmfronteira.pt\/index.php?rest_route=\/wp\/v2\/pages"}],"about":[{"href":"https:\/\/scmfronteira.pt\/index.php?rest_route=\/wp\/v2\/types\/page"}],"author":[{"embeddable":true,"href":"https:\/\/scmfronteira.pt\/index.php?rest_route=\/wp\/v2\/users\/1"}],"replies":[{"embeddable":true,"href":"https:\/\/scmfronteira.pt\/index.php?rest_route=%2Fwp%2Fv2%2Fcomments&post=46"}],"version-history":[{"count":12,"href":"https:\/\/scmfronteira.pt\/index.php?rest_route=\/wp\/v2\/pages\/46\/revisions"}],"predecessor-version":[{"id":430,"href":"https:\/\/scmfronteira.pt\/index.php?rest_route=\/wp\/v2\/pages\/46\/revisions\/430"}],"wp:attachment":[{"href":"https:\/\/scmfronteira.pt\/index.php?rest_route=%2Fwp%2Fv2%2Fmedia&parent=46"}],"curies":[{"name":"wp","href":"https:\/\/api.w.org\/{rel}","templated":true}]}}