{"id":50,"date":"2016-07-01T21:08:23","date_gmt":"2016-07-01T21:08:23","guid":{"rendered":"https:\/\/scmfronteira.pt\/?page_id=50"},"modified":"2017-03-31T13:14:01","modified_gmt":"2017-03-31T13:14:01","slug":"apoio-domiciliario-sad","status":"publish","type":"page","link":"https:\/\/scmfronteira.pt\/?page_id=50","title":{"rendered":"Apoio Domicili\u00e1rio &#8211; SAD"},"content":{"rendered":"<p><img loading=\"lazy\" decoding=\"async\" class=\"alignnone size-medium wp-image-331\" src=\"http:\/\/scmfronteira.pt\/wp-content\/uploads\/2016\/07\/AD.2-300x200.jpg\" alt=\"ad-2\" width=\"300\" height=\"200\" srcset=\"https:\/\/scmfronteira.pt\/wp-content\/uploads\/2016\/07\/AD.2-300x200.jpg 300w, https:\/\/scmfronteira.pt\/wp-content\/uploads\/2016\/07\/AD.2-768x512.jpg 768w, https:\/\/scmfronteira.pt\/wp-content\/uploads\/2016\/07\/AD.2-1024x683.jpg 1024w\" sizes=\"auto, (max-width: 300px) 100vw, 300px\" \/><img loading=\"lazy\" decoding=\"async\" class=\"alignnone size-medium wp-image-330\" src=\"http:\/\/scmfronteira.pt\/wp-content\/uploads\/2016\/07\/AD.1-300x200.jpg\" alt=\"ad-1\" width=\"300\" height=\"200\" srcset=\"https:\/\/scmfronteira.pt\/wp-content\/uploads\/2016\/07\/AD.1-300x200.jpg 300w, https:\/\/scmfronteira.pt\/wp-content\/uploads\/2016\/07\/AD.1-768x512.jpg 768w, https:\/\/scmfronteira.pt\/wp-content\/uploads\/2016\/07\/AD.1-1024x683.jpg 1024w\" sizes=\"auto, (max-width: 300px) 100vw, 300px\" \/><\/p>\n<p>No Servi\u00e7o de Apoio Domicili\u00e1rio dispomos de duas carrinhas devidamente equipadas para a distribui\u00e7\u00e3o das refei\u00e7\u00f5es.<\/p>\n<p>O Servi\u00e7o de Apoio Domicili\u00e1rio presta servi\u00e7os na Freguesia de Fronteira e de S\u00e3o Saturnino.<\/p>\n<p>Presta servi\u00e7os:<\/p>\n<ul>\n<li>Alimenta\u00e7\u00e3o (Almo\u00e7o e Jantar)<\/li>\n<li>Higiene Pessoal<\/li>\n<li>Higiene Habitacional<\/li>\n<li>Tratamento de Roupa<\/li>\n<li>Outros servi\u00e7os<\/li>\n<\/ul>\n<p>&nbsp;<\/p>\n","protected":false},"excerpt":{"rendered":"<p class=\"qua-blog-post-description\">No Servi\u00e7o de Apoio Domicili\u00e1rio dispomos de duas carrinhas devidamente equipadas para a distribui\u00e7\u00e3o das refei\u00e7\u00f5es. O Servi\u00e7o de Apoio Domicili\u00e1rio presta servi\u00e7os na Freguesia de Fronteira e de S\u00e3o Saturnino. Presta servi\u00e7os: Alimenta\u00e7\u00e3o (Almo\u00e7o e Jantar) Higiene Pessoal Higiene Habitacional Tratamento de Roupa Outros servi\u00e7os &nbsp;<\/p>\n","protected":false},"author":1,"featured_media":225,"parent":0,"menu_order":0,"comment_status":"closed","ping_status":"closed","template":"","meta":{"footnotes":""},"class_list":["post-50","page","type-page","status-publish","has-post-thumbnail","hentry"],"_links":{"self":[{"href":"https:\/\/scmfronteira.pt\/index.php?rest_route=\/wp\/v2\/pages\/50","targetHints":{"allow":["GET"]}}],"collection":[{"href":"https:\/\/scmfronteira.pt\/index.php?rest_route=\/wp\/v2\/pages"}],"about":[{"href":"https:\/\/scmfronteira.pt\/index.php?rest_route=\/wp\/v2\/types\/page"}],"author":[{"embeddable":true,"href":"https:\/\/scmfronteira.pt\/index.php?rest_route=\/wp\/v2\/users\/1"}],"replies":[{"embeddable":true,"href":"https:\/\/scmfronteira.pt\/index.php?rest_route=%2Fwp%2Fv2%2Fcomments&post=50"}],"version-history":[{"count":4,"href":"https:\/\/scmfronteira.pt\/index.php?rest_route=\/wp\/v2\/pages\/50\/revisions"}],"predecessor-version":[{"id":431,"href":"https:\/\/scmfronteira.pt\/index.php?rest_route=\/wp\/v2\/pages\/50\/revisions\/431"}],"wp:featuredmedia":[{"embeddable":true,"href":"https:\/\/scmfronteira.pt\/index.php?rest_route=\/wp\/v2\/media\/225"}],"wp:attachment":[{"href":"https:\/\/scmfronteira.pt\/index.php?rest_route=%2Fwp%2Fv2%2Fmedia&parent=50"}],"curies":[{"name":"wp","href":"https:\/\/api.w.org\/{rel}","templated":true}]}}