{"id":81,"date":"2016-07-01T22:47:41","date_gmt":"2016-07-01T22:47:41","guid":{"rendered":"https:\/\/scmfronteira.pt\/?page_id=81"},"modified":"2018-01-07T00:39:14","modified_gmt":"2018-01-07T00:39:14","slug":"cantina-social","status":"publish","type":"page","link":"https:\/\/scmfronteira.pt\/?page_id=81","title":{"rendered":"Cantina Social"},"content":{"rendered":"<p><em><strong>Servi\u00e7o de Apoio\u00a0 \u00e0 Comunidade<\/strong><\/em><\/p>\n<p>Na sequ\u00eancia de v\u00e1rios apoios surge no \u00e2mbito da Conven\u00e7\u00e3o da Rede Solid\u00e1ria de Cantinas Sociais para o Programa de Emerg\u00eancia Alimentar (P.E.A.).<\/p>\n<p>&nbsp;<\/p>\n<p>&nbsp;<\/p>\n","protected":false},"excerpt":{"rendered":"<p class=\"qua-blog-post-description\">Servi\u00e7o de Apoio\u00a0 \u00e0 Comunidade Na sequ\u00eancia de v\u00e1rios apoios surge no \u00e2mbito da Conven\u00e7\u00e3o da Rede Solid\u00e1ria de Cantinas Sociais para o Programa de Emerg\u00eancia Alimentar (P.E.A.). &nbsp; &nbsp;<\/p>\n","protected":false},"author":1,"featured_media":0,"parent":0,"menu_order":0,"comment_status":"closed","ping_status":"closed","template":"","meta":{"footnotes":""},"class_list":["post-81","page","type-page","status-publish","hentry"],"_links":{"self":[{"href":"https:\/\/scmfronteira.pt\/index.php?rest_route=\/wp\/v2\/pages\/81","targetHints":{"allow":["GET"]}}],"collection":[{"href":"https:\/\/scmfronteira.pt\/index.php?rest_route=\/wp\/v2\/pages"}],"about":[{"href":"https:\/\/scmfronteira.pt\/index.php?rest_route=\/wp\/v2\/types\/page"}],"author":[{"embeddable":true,"href":"https:\/\/scmfronteira.pt\/index.php?rest_route=\/wp\/v2\/users\/1"}],"replies":[{"embeddable":true,"href":"https:\/\/scmfronteira.pt\/index.php?rest_route=%2Fwp%2Fv2%2Fcomments&post=81"}],"version-history":[{"count":3,"href":"https:\/\/scmfronteira.pt\/index.php?rest_route=\/wp\/v2\/pages\/81\/revisions"}],"predecessor-version":[{"id":478,"href":"https:\/\/scmfronteira.pt\/index.php?rest_route=\/wp\/v2\/pages\/81\/revisions\/478"}],"wp:attachment":[{"href":"https:\/\/scmfronteira.pt\/index.php?rest_route=%2Fwp%2Fv2%2Fmedia&parent=81"}],"curies":[{"name":"wp","href":"https:\/\/api.w.org\/{rel}","templated":true}]}}