{"id":94,"date":"2016-07-01T22:59:25","date_gmt":"2016-07-01T22:59:25","guid":{"rendered":"https:\/\/scmfronteira.pt\/?page_id=94"},"modified":"2016-07-15T20:53:35","modified_gmt":"2016-07-15T20:53:35","slug":"centro-de-convivio-de-fronteira","status":"publish","type":"page","link":"https:\/\/scmfronteira.pt\/?page_id=94","title":{"rendered":"Centro de Convivio de Fronteira"},"content":{"rendered":"<p>O Centro de Conv\u00edvio de Fronteira sediado nas instala\u00e7\u00f5es do antigo Hospital da Miseric\u00f3rdia, com capacidade para 50 utentes<\/p>\n","protected":false},"excerpt":{"rendered":"<p class=\"qua-blog-post-description\">O Centro de Conv\u00edvio de Fronteira sediado nas instala\u00e7\u00f5es do antigo Hospital da Miseric\u00f3rdia, com capacidade para 50 utentes<\/p>\n","protected":false},"author":1,"featured_media":0,"parent":0,"menu_order":0,"comment_status":"closed","ping_status":"closed","template":"","meta":{"footnotes":""},"class_list":["post-94","page","type-page","status-publish","hentry"],"_links":{"self":[{"href":"https:\/\/scmfronteira.pt\/index.php?rest_route=\/wp\/v2\/pages\/94","targetHints":{"allow":["GET"]}}],"collection":[{"href":"https:\/\/scmfronteira.pt\/index.php?rest_route=\/wp\/v2\/pages"}],"about":[{"href":"https:\/\/scmfronteira.pt\/index.php?rest_route=\/wp\/v2\/types\/page"}],"author":[{"embeddable":true,"href":"https:\/\/scmfronteira.pt\/index.php?rest_route=\/wp\/v2\/users\/1"}],"replies":[{"embeddable":true,"href":"https:\/\/scmfronteira.pt\/index.php?rest_route=%2Fwp%2Fv2%2Fcomments&post=94"}],"version-history":[{"count":3,"href":"https:\/\/scmfronteira.pt\/index.php?rest_route=\/wp\/v2\/pages\/94\/revisions"}],"predecessor-version":[{"id":207,"href":"https:\/\/scmfronteira.pt\/index.php?rest_route=\/wp\/v2\/pages\/94\/revisions\/207"}],"wp:attachment":[{"href":"https:\/\/scmfronteira.pt\/index.php?rest_route=%2Fwp%2Fv2%2Fmedia&parent=94"}],"curies":[{"name":"wp","href":"https:\/\/api.w.org\/{rel}","templated":true}]}}