{"id":97,"date":"2016-07-01T22:59:44","date_gmt":"2016-07-01T22:59:44","guid":{"rendered":"https:\/\/scmfronteira.pt\/?page_id=97"},"modified":"2016-07-15T21:18:14","modified_gmt":"2016-07-15T21:18:14","slug":"centro-de-dia-de-vale-de-maceiras-2","status":"publish","type":"page","link":"https:\/\/scmfronteira.pt\/?page_id=97","title":{"rendered":"Centro de Convivio de Vale de Maceiras"},"content":{"rendered":"<p><img loading=\"lazy\" decoding=\"async\" class=\"alignnone size-medium wp-image-202\" src=\"http:\/\/scmfronteira.pt\/wp-content\/uploads\/2016\/07\/CDVM.2-1-300x225.png\" alt=\"CDVM.2\" width=\"300\" height=\"225\" srcset=\"https:\/\/scmfronteira.pt\/wp-content\/uploads\/2016\/07\/CDVM.2-1-300x225.png 300w, https:\/\/scmfronteira.pt\/wp-content\/uploads\/2016\/07\/CDVM.2-1-768x576.png 768w, https:\/\/scmfronteira.pt\/wp-content\/uploads\/2016\/07\/CDVM.2-1-1024x768.png 1024w\" sizes=\"auto, (max-width: 300px) 100vw, 300px\" \/><\/p>\n<p>O Centro de Dia de Vale de Maceiras nasceu de uma obra efetuada na antiga escola prim\u00e1ria da localidade cedida pelo Munic\u00edpio de Fronteira-<\/p>\n<p>Esta obra s\u00f3 foi poss\u00edvel ser levada a efeito devido ao enorme empenho e dedica\u00e7\u00e3o da Comiss\u00e3o de Melhoramentos de Vale de Maceiras e de toda a popula\u00e7\u00e3o da Freguesia de S\u00e3o Saturnino.<\/p>\n<p>O Centro de Dia de Vale de Maceiras foi inaugurado a 14 de Junho de 2014 pelo Exmo. Senhor Prof\u00ba. Dr. Jos\u00e9 Manuel Malheiro Holtreman Roquette.<\/p>\n<p>Abriu as suas portas a 1 de Dezembro de 2014 apoiando 20 utentes da localidade de Vale de Maceiras, freguesia de S\u00e3o Saturnino.<\/p>\n<p><img loading=\"lazy\" decoding=\"async\" class=\"alignnone size-medium wp-image-210\" src=\"http:\/\/scmfronteira.pt\/wp-content\/uploads\/2016\/07\/CDVM.5-300x225.png\" alt=\"CDVM.5\" width=\"300\" height=\"225\" srcset=\"https:\/\/scmfronteira.pt\/wp-content\/uploads\/2016\/07\/CDVM.5-300x225.png 300w, https:\/\/scmfronteira.pt\/wp-content\/uploads\/2016\/07\/CDVM.5-768x576.png 768w, https:\/\/scmfronteira.pt\/wp-content\/uploads\/2016\/07\/CDVM.5-1024x768.png 1024w\" sizes=\"auto, (max-width: 300px) 100vw, 300px\" \/><\/p>\n<p>&nbsp;<\/p>\n<p>Neste momento funciona tamb\u00e9m a val\u00eancia de Centro de Conv\u00edvio de Vale de Maceiras com a capacidade e frequ\u00eancia de 25 utentes.<\/p>\n<p>&nbsp;<\/p>\n<p><img loading=\"lazy\" decoding=\"async\" class=\"alignnone size-medium wp-image-209\" src=\"http:\/\/scmfronteira.pt\/wp-content\/uploads\/2016\/07\/CDVM.4-300x225.png\" alt=\"CDVM.4\" width=\"300\" height=\"225\" srcset=\"https:\/\/scmfronteira.pt\/wp-content\/uploads\/2016\/07\/CDVM.4-300x225.png 300w, https:\/\/scmfronteira.pt\/wp-content\/uploads\/2016\/07\/CDVM.4-768x576.png 768w, https:\/\/scmfronteira.pt\/wp-content\/uploads\/2016\/07\/CDVM.4-1024x768.png 1024w\" sizes=\"auto, (max-width: 300px) 100vw, 300px\" \/><\/p>\n","protected":false},"excerpt":{"rendered":"<p class=\"qua-blog-post-description\">O Centro de Dia de Vale de Maceiras nasceu de uma obra efetuada na antiga escola prim\u00e1ria da localidade cedida pelo Munic\u00edpio de Fronteira- Esta obra s\u00f3 foi poss\u00edvel ser levada a efeito devido ao enorme empenho e dedica\u00e7\u00e3o da Comiss\u00e3o de Melhoramentos de Vale de Maceiras e de toda a popula\u00e7\u00e3o da Freguesia de [&hellip;]<\/p>\n","protected":false},"author":1,"featured_media":163,"parent":0,"menu_order":0,"comment_status":"closed","ping_status":"closed","template":"","meta":{"footnotes":""},"class_list":["post-97","page","type-page","status-publish","has-post-thumbnail","hentry"],"_links":{"self":[{"href":"https:\/\/scmfronteira.pt\/index.php?rest_route=\/wp\/v2\/pages\/97","targetHints":{"allow":["GET"]}}],"collection":[{"href":"https:\/\/scmfronteira.pt\/index.php?rest_route=\/wp\/v2\/pages"}],"about":[{"href":"https:\/\/scmfronteira.pt\/index.php?rest_route=\/wp\/v2\/types\/page"}],"author":[{"embeddable":true,"href":"https:\/\/scmfronteira.pt\/index.php?rest_route=\/wp\/v2\/users\/1"}],"replies":[{"embeddable":true,"href":"https:\/\/scmfronteira.pt\/index.php?rest_route=%2Fwp%2Fv2%2Fcomments&post=97"}],"version-history":[{"count":4,"href":"https:\/\/scmfronteira.pt\/index.php?rest_route=\/wp\/v2\/pages\/97\/revisions"}],"predecessor-version":[{"id":211,"href":"https:\/\/scmfronteira.pt\/index.php?rest_route=\/wp\/v2\/pages\/97\/revisions\/211"}],"wp:featuredmedia":[{"embeddable":true,"href":"https:\/\/scmfronteira.pt\/index.php?rest_route=\/wp\/v2\/media\/163"}],"wp:attachment":[{"href":"https:\/\/scmfronteira.pt\/index.php?rest_route=%2Fwp%2Fv2%2Fmedia&parent=97"}],"curies":[{"name":"wp","href":"https:\/\/api.w.org\/{rel}","templated":true}]}}