{"id":974,"date":"2024-07-23T15:40:49","date_gmt":"2024-07-23T15:40:49","guid":{"rendered":"https:\/\/scmfronteira.pt\/?page_id=974"},"modified":"2024-07-23T15:40:49","modified_gmt":"2024-07-23T15:40:49","slug":"publicacoes-das-atividades-e-eventos-realizados-na-instituicao","status":"publish","type":"page","link":"https:\/\/scmfronteira.pt\/?page_id=974","title":{"rendered":"Publica\u00e7\u00f5es das atividades e eventos realizados na Institui\u00e7\u00e3o"},"content":{"rendered":"\n<figure class=\"wp-block-image size-large\"><img loading=\"lazy\" decoding=\"async\" width=\"1024\" height=\"1024\" src=\"https:\/\/scmfronteira.pt\/wp-content\/uploads\/2024\/07\/QR-Code-Estante-Folhetos-Informativos-SCM-Fronteira-1-1024x1024.png\" alt=\"\" class=\"wp-image-975\" srcset=\"https:\/\/scmfronteira.pt\/wp-content\/uploads\/2024\/07\/QR-Code-Estante-Folhetos-Informativos-SCM-Fronteira-1-1024x1024.png 1024w, https:\/\/scmfronteira.pt\/wp-content\/uploads\/2024\/07\/QR-Code-Estante-Folhetos-Informativos-SCM-Fronteira-1-300x300.png 300w, https:\/\/scmfronteira.pt\/wp-content\/uploads\/2024\/07\/QR-Code-Estante-Folhetos-Informativos-SCM-Fronteira-1-150x150.png 150w, https:\/\/scmfronteira.pt\/wp-content\/uploads\/2024\/07\/QR-Code-Estante-Folhetos-Informativos-SCM-Fronteira-1-768x768.png 768w, https:\/\/scmfronteira.pt\/wp-content\/uploads\/2024\/07\/QR-Code-Estante-Folhetos-Informativos-SCM-Fronteira-1.png 1271w\" sizes=\"auto, (max-width: 1024px) 100vw, 1024px\" \/><\/figure>\n","protected":false},"excerpt":{"rendered":"","protected":false},"author":2,"featured_media":0,"parent":0,"menu_order":0,"comment_status":"closed","ping_status":"closed","template":"","meta":{"footnotes":""},"class_list":["post-974","page","type-page","status-publish","hentry"],"_links":{"self":[{"href":"https:\/\/scmfronteira.pt\/index.php?rest_route=\/wp\/v2\/pages\/974","targetHints":{"allow":["GET"]}}],"collection":[{"href":"https:\/\/scmfronteira.pt\/index.php?rest_route=\/wp\/v2\/pages"}],"about":[{"href":"https:\/\/scmfronteira.pt\/index.php?rest_route=\/wp\/v2\/types\/page"}],"author":[{"embeddable":true,"href":"https:\/\/scmfronteira.pt\/index.php?rest_route=\/wp\/v2\/users\/2"}],"replies":[{"embeddable":true,"href":"https:\/\/scmfronteira.pt\/index.php?rest_route=%2Fwp%2Fv2%2Fcomments&post=974"}],"version-history":[{"count":1,"href":"https:\/\/scmfronteira.pt\/index.php?rest_route=\/wp\/v2\/pages\/974\/revisions"}],"predecessor-version":[{"id":977,"href":"https:\/\/scmfronteira.pt\/index.php?rest_route=\/wp\/v2\/pages\/974\/revisions\/977"}],"wp:attachment":[{"href":"https:\/\/scmfronteira.pt\/index.php?rest_route=%2Fwp%2Fv2%2Fmedia&parent=974"}],"curies":[{"name":"wp","href":"https:\/\/api.w.org\/{rel}","templated":true}]}}